{"id":1317,"date":"2026-04-13T15:36:07","date_gmt":"2026-04-13T15:36:07","guid":{"rendered":"https:\/\/gaspruefung-vorpommern.de\/assets\/home\/"},"modified":"2026-04-21T10:54:05","modified_gmt":"2026-04-21T08:54:05","slug":"home","status":"publish","type":"page","link":"https:\/\/gaspruefung-vorpommern.de\/assets\/","title":{"rendered":"Startseite"},"content":{"rendered":"\t\t<div data-elementor-type=\"wp-page\" data-elementor-id=\"1317\" class=\"elementor elementor-1317\">\n\t\t\t\t<div class=\"elementor-element elementor-element-080475f e-flex e-con-boxed e-con e-parent\" data-id=\"080475f\" data-element_type=\"container\" data-e-type=\"container\" data-settings=\"{&quot;background_background&quot;:&quot;classic&quot;}\">\n\t\t\t\t\t<div class=\"e-con-inner\">\n\t\t\t\t<div class=\"elementor-element elementor-element-8ab47fb elementor-widget elementor-widget-heading\" data-id=\"8ab47fb\" data-element_type=\"widget\" data-e-type=\"widget\" data-widget_type=\"heading.default\">\n\t\t\t\t<div class=\"elementor-widget-container\">\n\t\t\t\t\t<h1 class=\"elementor-heading-title elementor-size-default\">Gaspr\u00fcfung f\u00fcr Ihr Wohnmobil, Wohnwagen bei Ihnen vor Ort.<\/h1>\t\t\t\t<\/div>\n\t\t\t\t<\/div>\n\t\t\t\t\t<\/div>\n\t\t\t\t<\/div>\n\t\t<div class=\"elementor-element elementor-element-c20e150 e-flex e-con-boxed e-con e-parent\" data-id=\"c20e150\" data-element_type=\"container\" data-e-type=\"container\" data-settings=\"{&quot;background_background&quot;:&quot;classic&quot;}\">\n\t\t\t\t\t<div class=\"e-con-inner\">\n\t\t\t\t<div class=\"elementor-element elementor-element-d74406d elementor-widget elementor-widget-heading\" data-id=\"d74406d\" data-element_type=\"widget\" data-e-type=\"widget\" data-widget_type=\"heading.default\">\n\t\t\t\t<div class=\"elementor-widget-container\">\n\t\t\t\t\t<h6 class=\"elementor-heading-title elementor-size-default\">Kontaktieren Sie mich noch heute, f\u00fcr einen sicheren Urlaub<\/h6>\t\t\t\t<\/div>\n\t\t\t\t<\/div>\n\t\t\t\t<div class=\"elementor-element elementor-element-3493908 elementor-widget elementor-widget-heading\" data-id=\"3493908\" data-element_type=\"widget\" data-e-type=\"widget\" data-widget_type=\"heading.default\">\n\t\t\t\t<div class=\"elementor-widget-container\">\n\t\t\t\t\t<h2 class=\"elementor-heading-title elementor-size-default\">Ich bin leidenschaftlicher Camper und sachkundiger Pr\u00fcfer nach DIN 1949,  DVGW 607<\/h2>\t\t\t\t<\/div>\n\t\t\t\t<\/div>\n\t\t\t\t<div class=\"elementor-element elementor-element-d04b682 elementor-widget-divider--view-line elementor-widget elementor-widget-divider\" data-id=\"d04b682\" data-element_type=\"widget\" data-e-type=\"widget\" data-widget_type=\"divider.default\">\n\t\t\t\t<div class=\"elementor-widget-container\">\n\t\t\t\t\t\t\t<div class=\"elementor-divider\">\n\t\t\t<span class=\"elementor-divider-separator\">\n\t\t\t\t\t\t<\/span>\n\t\t<\/div>\n\t\t\t\t\t\t<\/div>\n\t\t\t\t<\/div>\n\t\t<div class=\"elementor-element elementor-element-829cbec e-con-full e-flex e-con e-child\" data-id=\"829cbec\" data-element_type=\"container\" data-e-type=\"container\">\n\t\t<div class=\"elementor-element elementor-element-1d10e89 e-con-full e-flex e-con e-child\" data-id=\"1d10e89\" data-element_type=\"container\" data-e-type=\"container\">\n\t\t\t\t<div class=\"elementor-element elementor-element-10aa031 elementor-widget elementor-widget-image\" data-id=\"10aa031\" data-element_type=\"widget\" data-e-type=\"widget\" data-widget_type=\"image.default\">\n\t\t\t\t<div class=\"elementor-widget-container\">\n\t\t\t\t\t\t\t\t\t\t\t\t\t\t\t<img fetchpriority=\"high\" decoding=\"async\" width=\"1441\" height=\"2560\" src=\"https:\/\/gaspruefung-vorpommern.de\/assets\/wp-content\/uploads\/2026\/04\/05_1000058065-scaled.jpg\" class=\"attachment-full size-full wp-image-2662\" alt=\"\" srcset=\"https:\/\/gaspruefung-vorpommern.de\/assets\/wp-content\/uploads\/2026\/04\/05_1000058065-scaled.jpg 1441w, https:\/\/gaspruefung-vorpommern.de\/assets\/wp-content\/uploads\/2026\/04\/05_1000058065-169x300.jpg 169w, https:\/\/gaspruefung-vorpommern.de\/assets\/wp-content\/uploads\/2026\/04\/05_1000058065-576x1024.jpg 576w, https:\/\/gaspruefung-vorpommern.de\/assets\/wp-content\/uploads\/2026\/04\/05_1000058065-768x1365.jpg 768w, https:\/\/gaspruefung-vorpommern.de\/assets\/wp-content\/uploads\/2026\/04\/05_1000058065-864x1536.jpg 864w, https:\/\/gaspruefung-vorpommern.de\/assets\/wp-content\/uploads\/2026\/04\/05_1000058065-1153x2048.jpg 1153w\" sizes=\"(max-width: 1441px) 100vw, 1441px\" \/>\t\t\t\t\t\t\t\t\t\t\t\t\t\t\t<\/div>\n\t\t\t\t<\/div>\n\t\t\t\t<div class=\"elementor-element elementor-element-ba22480 elementor-widget elementor-widget-image-box\" data-id=\"ba22480\" data-element_type=\"widget\" data-e-type=\"widget\" data-widget_type=\"image-box.default\">\n\t\t\t\t<div class=\"elementor-widget-container\">\n\t\t\t\t\t<div class=\"elementor-image-box-wrapper\"><div class=\"elementor-image-box-content\"><h3 class=\"elementor-image-box-title\">Sachkundige Pr\u00fcfung<\/h3><p class=\"elementor-image-box-description\">Nach bestandener Pr\u00fcfung erhalten sie eine aktuelle Plakette und abgestempeltes  gelbes Heft.<\/p><\/div><\/div>\t\t\t\t<\/div>\n\t\t\t\t<\/div>\n\t\t\t\t<\/div>\n\t\t<div class=\"elementor-element elementor-element-5018adf e-con-full e-flex e-con e-child\" data-id=\"5018adf\" data-element_type=\"container\" data-e-type=\"container\">\n\t\t\t\t<div class=\"elementor-element elementor-element-4b33bfd elementor-widget elementor-widget-image\" data-id=\"4b33bfd\" data-element_type=\"widget\" data-e-type=\"widget\" data-widget_type=\"image.default\">\n\t\t\t\t<div class=\"elementor-widget-container\">\n\t\t\t\t\t\t\t\t\t\t\t\t\t\t\t<img decoding=\"async\" width=\"1285\" height=\"2560\" src=\"https:\/\/gaspruefung-vorpommern.de\/assets\/wp-content\/uploads\/2026\/04\/20230531_123935-1-scaled.jpg\" class=\"attachment-full size-full wp-image-2674\" alt=\"\" srcset=\"https:\/\/gaspruefung-vorpommern.de\/assets\/wp-content\/uploads\/2026\/04\/20230531_123935-1-scaled.jpg 1285w, https:\/\/gaspruefung-vorpommern.de\/assets\/wp-content\/uploads\/2026\/04\/20230531_123935-1-151x300.jpg 151w, https:\/\/gaspruefung-vorpommern.de\/assets\/wp-content\/uploads\/2026\/04\/20230531_123935-1-514x1024.jpg 514w, https:\/\/gaspruefung-vorpommern.de\/assets\/wp-content\/uploads\/2026\/04\/20230531_123935-1-768x1530.jpg 768w, https:\/\/gaspruefung-vorpommern.de\/assets\/wp-content\/uploads\/2026\/04\/20230531_123935-1-771x1536.jpg 771w, https:\/\/gaspruefung-vorpommern.de\/assets\/wp-content\/uploads\/2026\/04\/20230531_123935-1-1028x2048.jpg 1028w\" sizes=\"(max-width: 1285px) 100vw, 1285px\" \/>\t\t\t\t\t\t\t\t\t\t\t\t\t\t\t<\/div>\n\t\t\t\t<\/div>\n\t\t\t\t<div class=\"elementor-element elementor-element-e51abdd elementor-widget elementor-widget-image-box\" data-id=\"e51abdd\" data-element_type=\"widget\" data-e-type=\"widget\" data-widget_type=\"image-box.default\">\n\t\t\t\t<div class=\"elementor-widget-container\">\n\t\t\t\t\t<div class=\"elementor-image-box-wrapper\"><div class=\"elementor-image-box-content\"><h3 class=\"elementor-image-box-title\">Vor-Ort-Pr\u00fcfung<\/h3><p class=\"elementor-image-box-description\">Ich komme zu Ihnen auf den Stellplatz, Campingplatz oder zu Ihnen nach Hause<\/p><\/div><\/div>\t\t\t\t<\/div>\n\t\t\t\t<\/div>\n\t\t\t\t<\/div>\n\t\t<div class=\"elementor-element elementor-element-ce0f821 e-con-full e-flex e-con e-child\" data-id=\"ce0f821\" data-element_type=\"container\" data-e-type=\"container\">\n\t\t\t\t<div class=\"elementor-element elementor-element-b281300 elementor-widget elementor-widget-image\" data-id=\"b281300\" data-element_type=\"widget\" data-e-type=\"widget\" data-widget_type=\"image.default\">\n\t\t\t\t<div class=\"elementor-widget-container\">\n\t\t\t\t\t\t\t\t\t\t\t\t\t\t\t<img decoding=\"async\" width=\"644\" height=\"362\" src=\"https:\/\/gaspruefung-vorpommern.de\/assets\/wp-content\/uploads\/2026\/04\/Gas_Flasche-4-2.jpg\" class=\"attachment-full size-full wp-image-8\" alt=\"\" srcset=\"https:\/\/gaspruefung-vorpommern.de\/assets\/wp-content\/uploads\/2026\/04\/Gas_Flasche-4-2.jpg 644w, https:\/\/gaspruefung-vorpommern.de\/assets\/wp-content\/uploads\/2026\/04\/Gas_Flasche-4-2-300x169.jpg 300w\" sizes=\"(max-width: 644px) 100vw, 644px\" \/>\t\t\t\t\t\t\t\t\t\t\t\t\t\t\t<\/div>\n\t\t\t\t<\/div>\n\t\t\t\t<div class=\"elementor-element elementor-element-28d4c4a elementor-widget elementor-widget-image-box\" data-id=\"28d4c4a\" data-element_type=\"widget\" data-e-type=\"widget\" data-widget_type=\"image-box.default\">\n\t\t\t\t<div class=\"elementor-widget-container\">\n\t\t\t\t\t<div class=\"elementor-image-box-wrapper\"><div class=\"elementor-image-box-content\"><h3 class=\"elementor-image-box-title\">Kleinst Reparaturen <\/h3><p class=\"elementor-image-box-description\">sowie Ersatzteile f\u00fcr Ihre Gasanlage au\u00dferdem  Umbauarbeiten auf Mono oder Duo Control Anlagen.<\/p><\/div><\/div>\t\t\t\t<\/div>\n\t\t\t\t<\/div>\n\t\t\t\t<\/div>\n\t\t\t\t<\/div>\n\t\t\t\t\t<\/div>\n\t\t\t\t<\/div>\n\t\t<div class=\"elementor-element elementor-element-c7ba803 e-flex e-con-boxed e-con e-parent\" data-id=\"c7ba803\" data-element_type=\"container\" data-e-type=\"container\" data-settings=\"{&quot;background_background&quot;:&quot;classic&quot;}\">\n\t\t\t\t\t<div class=\"e-con-inner\">\n\t\t<div class=\"elementor-element elementor-element-b211560 e-con-full e-flex e-con e-child\" data-id=\"b211560\" data-element_type=\"container\" data-e-type=\"container\">\n\t\t\t\t<div class=\"elementor-element elementor-element-8de8d3f elementor-widget-mobile__width-inherit elementor-widget elementor-widget-image\" data-id=\"8de8d3f\" data-element_type=\"widget\" data-e-type=\"widget\" data-widget_type=\"image.default\">\n\t\t\t\t<div class=\"elementor-widget-container\">\n\t\t\t\t\t\t\t\t\t\t\t\t\t\t\t<img loading=\"lazy\" decoding=\"async\" width=\"1920\" height=\"2560\" src=\"https:\/\/gaspruefung-vorpommern.de\/assets\/wp-content\/uploads\/2026\/04\/04_20230611_211044-scaled.jpg\" class=\"attachment-full size-full wp-image-4512\" alt=\"04 20230611 211044\" srcset=\"https:\/\/gaspruefung-vorpommern.de\/assets\/wp-content\/uploads\/2026\/04\/04_20230611_211044-scaled.jpg 1920w, https:\/\/gaspruefung-vorpommern.de\/assets\/wp-content\/uploads\/2026\/04\/04_20230611_211044-225x300.jpg 225w, https:\/\/gaspruefung-vorpommern.de\/assets\/wp-content\/uploads\/2026\/04\/04_20230611_211044-768x1024.jpg 768w, https:\/\/gaspruefung-vorpommern.de\/assets\/wp-content\/uploads\/2026\/04\/04_20230611_211044-1152x1536.jpg 1152w, https:\/\/gaspruefung-vorpommern.de\/assets\/wp-content\/uploads\/2026\/04\/04_20230611_211044-1536x2048.jpg 1536w\" sizes=\"(max-width: 1920px) 100vw, 1920px\" \/>\t\t\t\t\t\t\t\t\t\t\t\t\t\t\t<\/div>\n\t\t\t\t<\/div>\n\t\t\t\t<div class=\"elementor-element elementor-element-1ed5c44 elementor-hidden-tablet elementor-hidden-mobile elementor-widget elementor-widget-heading\" data-id=\"1ed5c44\" data-element_type=\"widget\" data-e-type=\"widget\" data-widget_type=\"heading.default\">\n\t\t\t\t<div class=\"elementor-widget-container\">\n\t\t\t\t\t<h4 class=\"elementor-heading-title elementor-size-default\">gaspruefung-vorpommern.de<\/h4>\t\t\t\t<\/div>\n\t\t\t\t<\/div>\n\t\t\t\t<div class=\"elementor-element elementor-element-253f9a5 elementor-hidden-tablet elementor-hidden-mobile elementor-widget elementor-widget-heading\" data-id=\"253f9a5\" data-element_type=\"widget\" data-e-type=\"widget\" data-widget_type=\"heading.default\">\n\t\t\t\t<div class=\"elementor-widget-container\">\n\t\t\t\t\t<h5 class=\"elementor-heading-title elementor-size-default\">gaspruefung-vorpommern@t-online.de<\/h5>\t\t\t\t<\/div>\n\t\t\t\t<\/div>\n\t\t\t\t<div class=\"elementor-element elementor-element-1151cd0 elementor-hidden-tablet elementor-hidden-mobile elementor-widget elementor-widget-heading\" data-id=\"1151cd0\" data-element_type=\"widget\" data-e-type=\"widget\" data-widget_type=\"heading.default\">\n\t\t\t\t<div class=\"elementor-widget-container\">\n\t\t\t\t\t<h5 class=\"elementor-heading-title elementor-size-default\">Handy +491629364711<\/h5>\t\t\t\t<\/div>\n\t\t\t\t<\/div>\n\t\t\t\t<div class=\"elementor-element elementor-element-236d622 elementor-hidden-tablet elementor-hidden-mobile elementor-widget elementor-widget-heading\" data-id=\"236d622\" data-element_type=\"widget\" data-e-type=\"widget\" data-widget_type=\"heading.default\">\n\t\t\t\t<div class=\"elementor-widget-container\">\n\t\t\t\t\t<h5 class=\"elementor-heading-title elementor-size-default\">Min H\u00fcsing 2 - 18574 Garz\/R\u00fcgen<\/h5>\t\t\t\t<\/div>\n\t\t\t\t<\/div>\n\t\t\t\t<\/div>\n\t\t\t\t<div class=\"elementor-element elementor-element-9971c24 elementor-widget-tablet__width-inherit elementor-hidden-tablet elementor-hidden-mobile elementor-absolute elementor-widget elementor-widget-heading\" data-id=\"9971c24\" data-element_type=\"widget\" data-e-type=\"widget\" data-settings=\"{&quot;_position&quot;:&quot;absolute&quot;}\" data-widget_type=\"heading.default\">\n\t\t\t\t<div class=\"elementor-widget-container\">\n\t\t\t\t\t<h5 class=\"elementor-heading-title elementor-size-default\">VON CAMPER F\u00dcR CAMPER<\/h5>\t\t\t\t<\/div>\n\t\t\t\t<\/div>\n\t\t<div class=\"elementor-element elementor-element-191b7a3 e-con-full e-flex e-con e-child\" data-id=\"191b7a3\" data-element_type=\"container\" data-e-type=\"container\">\n\t\t\t\t<div class=\"elementor-element elementor-element-1cd6dec elementor-widget elementor-widget-heading\" data-id=\"1cd6dec\" data-element_type=\"widget\" data-e-type=\"widget\" data-widget_type=\"heading.default\">\n\t\t\t\t<div class=\"elementor-widget-container\">\n\t\t\t\t\t<h2 class=\"elementor-heading-title elementor-size-default\">gaspruefung-vorpommern.de<\/h2>\t\t\t\t<\/div>\n\t\t\t\t<\/div>\n\t\t\t\t<div class=\"elementor-element elementor-element-80c47dd elementor-widget elementor-widget-text-editor\" data-id=\"80c47dd\" data-element_type=\"widget\" data-e-type=\"widget\" data-widget_type=\"text-editor.default\">\n\t\t\t\t<div class=\"elementor-widget-container\">\n\t\t\t\t\t\t\t\t\t<p>ich Thomas Wolter habe die Firma in 2023 gegr\u00fcndet. Das Unternehmen hat sich schnell als Anbieter von Gaspr\u00fcfungen f\u00fcr Wohnwagen und Wohnmobilen auf der Insel R\u00fcgen etabliert.<\/p>\t\t\t\t\t\t\t\t<\/div>\n\t\t\t\t<\/div>\n\t\t\t\t<div class=\"elementor-element elementor-element-831c204 elementor-widget elementor-widget-text-editor\" data-id=\"831c204\" data-element_type=\"widget\" data-e-type=\"widget\" data-widget_type=\"text-editor.default\">\n\t\t\t\t<div class=\"elementor-widget-container\">\n\t\t\t\t\t\t\t\t\t<p>Durch kontinuierliche Weiterbildung und Modernisierung\u00a0 unserer Techniken bieten wir jederzeit einen erstklassigen Service direkt vor Ort an.<\/p>\t\t\t\t\t\t\t\t<\/div>\n\t\t\t\t<\/div>\n\t\t\t\t<div class=\"elementor-element elementor-element-0f06356 elementor-widget elementor-widget-text-editor\" data-id=\"0f06356\" data-element_type=\"widget\" data-e-type=\"widget\" data-widget_type=\"text-editor.default\">\n\t\t\t\t<div class=\"elementor-widget-container\">\n\t\t\t\t\t\t\t\t\t<p>Ich habe vielen Campern im In und Ausland dabei geholfen Ihre Reisefreude durch unsere zuverl\u00e4ssigen Gaspr\u00fcfungen und kleinstreparaturen zu steigern.<\/p><p>Viele Camper haben von den gr\u00fcndlichen Pr\u00fcfungen profitiert, wodurch Ihre Reisen nicht nur sicherer sondern auch sorgloser wurden.<\/p>\t\t\t\t\t\t\t\t<\/div>\n\t\t\t\t<\/div>\n\t\t<div class=\"elementor-element elementor-element-bc919fd e-flex e-con-boxed e-con e-child\" data-id=\"bc919fd\" data-element_type=\"container\" data-e-type=\"container\">\n\t\t\t\t\t<div class=\"e-con-inner\">\n\t\t\t\t\t<\/div>\n\t\t\t\t<\/div>\n\t\t\t\t<\/div>\n\t\t\t\t\t<\/div>\n\t\t\t\t<\/div>\n\t\t<div class=\"elementor-element elementor-element-57d9a0a e-flex e-con-boxed e-con e-parent\" data-id=\"57d9a0a\" data-element_type=\"container\" data-e-type=\"container\" data-settings=\"{&quot;background_background&quot;:&quot;classic&quot;}\">\n\t\t\t\t\t<div class=\"e-con-inner\">\n\t\t\t\t\t\t\t<h2 \n\t\tdata-interaction-id=\"24e2bcc\" \n\t\tclass=\"e-24e2bcc-f29cbb6 e-heading-base\" \n\t\t \n\t\t\n\t>\n\t\n\t\t\tUmbau Duo Control mit au\u00dfen Bef\u00fcllung\n\t\t<\/h2>\n\t\t\t\t\t<\/div>\n\t\t\t\t<\/div>\n\t\t<div class=\"elementor-element elementor-element-a4dd384 e-flex e-con-boxed e-con e-parent\" data-id=\"a4dd384\" data-element_type=\"container\" data-e-type=\"container\">\n\t\t\t\t\t<div class=\"e-con-inner\">\n\t\t\t\t\t<\/div>\n\t\t\t\t<\/div>\n\t\t\t\t<\/div>\n\t\t","protected":false},"excerpt":{"rendered":"<p>Gaspr\u00fcfung f\u00fcr Ihr Wohnmobil, Wohnwagen bei Ihnen vor Ort. Kontaktieren Sie mich noch heute, f\u00fcr einen sicheren Urlaub Ich bin leidenschaftlicher Camper und sachkundiger Pr\u00fcfer nach DIN 1949, DVGW 607 Sachkundige Pr\u00fcfung Nach bestandener Pr\u00fcfung erhalten sie eine aktuelle Plakette und abgestempeltes gelbes Heft. Vor-Ort-Pr\u00fcfung Ich komme zu Ihnen auf den Stellplatz, Campingplatz oder zu [&hellip;]<\/p>\n","protected":false},"author":1,"featured_media":0,"parent":0,"menu_order":0,"comment_status":"closed","ping_status":"closed","template":"","meta":{"site-sidebar-layout":"no-sidebar","site-content-layout":"page-builder","ast-site-content-layout":"full-width-container","site-content-style":"default","site-sidebar-style":"unboxed","ast-global-header-display":"","ast-banner-title-visibility":"","ast-main-header-display":"","ast-hfb-above-header-display":"","ast-hfb-below-header-display":"","ast-hfb-mobile-header-display":"","site-post-title":"disabled","ast-breadcrumbs-content":"","ast-featured-img":"disabled","footer-sml-layout":"","ast-disable-related-posts":"","theme-transparent-header-meta":"enabled","adv-header-id-meta":"","stick-header-meta":"","header-above-stick-meta":"","header-main-stick-meta":"","header-below-stick-meta":"","astra-migrate-meta-layouts":"set","ast-page-background-enabled":"default","ast-page-background-meta":{"desktop":{"background-color":"var(--ast-global-color-4)","background-image":"","background-repeat":"repeat","background-position":"center center","background-size":"auto","background-attachment":"scroll","background-type":"","background-media":"","overlay-type":"","overlay-color":"","overlay-opacity":"","overlay-gradient":""},"tablet":{"background-color":"","background-image":"","background-repeat":"repeat","background-position":"center center","background-size":"auto","background-attachment":"scroll","background-type":"","background-media":"","overlay-type":"","overlay-color":"","overlay-opacity":"","overlay-gradient":""},"mobile":{"background-color":"","background-image":"","background-repeat":"repeat","background-position":"center center","background-size":"auto","background-attachment":"scroll","background-type":"","background-media":"","overlay-type":"","overlay-color":"","overlay-opacity":"","overlay-gradient":""}},"ast-content-background-meta":{"desktop":{"background-color":"var(--ast-global-color-5)","background-image":"","background-repeat":"repeat","background-position":"center center","background-size":"auto","background-attachment":"scroll","background-type":"","background-media":"","overlay-type":"","overlay-color":"","overlay-opacity":"","overlay-gradient":""},"tablet":{"background-color":"var(--ast-global-color-5)","background-image":"","background-repeat":"repeat","background-position":"center center","background-size":"auto","background-attachment":"scroll","background-type":"","background-media":"","overlay-type":"","overlay-color":"","overlay-opacity":"","overlay-gradient":""},"mobile":{"background-color":"var(--ast-global-color-5)","background-image":"","background-repeat":"repeat","background-position":"center center","background-size":"auto","background-attachment":"scroll","background-type":"","background-media":"","overlay-type":"","overlay-color":"","overlay-opacity":"","overlay-gradient":""}},"footnotes":""},"class_list":["post-1317","page","type-page","status-publish","hentry"],"_links":{"self":[{"href":"https:\/\/gaspruefung-vorpommern.de\/assets\/wp-json\/wp\/v2\/pages\/1317","targetHints":{"allow":["GET"]}}],"collection":[{"href":"https:\/\/gaspruefung-vorpommern.de\/assets\/wp-json\/wp\/v2\/pages"}],"about":[{"href":"https:\/\/gaspruefung-vorpommern.de\/assets\/wp-json\/wp\/v2\/types\/page"}],"author":[{"embeddable":true,"href":"https:\/\/gaspruefung-vorpommern.de\/assets\/wp-json\/wp\/v2\/users\/1"}],"replies":[{"embeddable":true,"href":"https:\/\/gaspruefung-vorpommern.de\/assets\/wp-json\/wp\/v2\/comments?post=1317"}],"version-history":[{"count":32,"href":"https:\/\/gaspruefung-vorpommern.de\/assets\/wp-json\/wp\/v2\/pages\/1317\/revisions"}],"predecessor-version":[{"id":4651,"href":"https:\/\/gaspruefung-vorpommern.de\/assets\/wp-json\/wp\/v2\/pages\/1317\/revisions\/4651"}],"wp:attachment":[{"href":"https:\/\/gaspruefung-vorpommern.de\/assets\/wp-json\/wp\/v2\/media?parent=1317"}],"curies":[{"name":"wp","href":"https:\/\/api.w.org\/{rel}","templated":true}]}}