{"id":3605,"date":"2026-04-13T15:36:07","date_gmt":"2026-04-13T15:36:07","guid":{"rendered":"https:\/\/gaspruefung-vorpommern.de\/assets\/services\/"},"modified":"2026-04-22T15:59:09","modified_gmt":"2026-04-22T13:59:09","slug":"services","status":"publish","type":"page","link":"https:\/\/gaspruefung-vorpommern.de\/assets\/home\/services\/","title":{"rendered":"Services"},"content":{"rendered":"\t\t<div data-elementor-type=\"wp-page\" data-elementor-id=\"3605\" class=\"elementor elementor-3605\">\n\t\t\t\t<div class=\"elementor-element elementor-element-c93912a e-flex e-con-boxed e-con e-parent\" data-id=\"c93912a\" data-element_type=\"container\" data-e-type=\"container\" data-settings=\"{&quot;background_background&quot;:&quot;classic&quot;}\">\n\t\t\t\t\t<div class=\"e-con-inner\">\n\t\t\t\t<div class=\"elementor-element elementor-element-f927337 elementor-widget elementor-widget-heading\" data-id=\"f927337\" data-element_type=\"widget\" data-e-type=\"widget\" data-widget_type=\"heading.default\">\n\t\t\t\t<div class=\"elementor-widget-container\">\n\t\t\t\t\t<h1 class=\"elementor-heading-title elementor-size-default\">Kosten der Dienstleistung<\/h1>\t\t\t\t<\/div>\n\t\t\t\t<\/div>\n\t\t\t\t\t<\/div>\n\t\t\t\t<\/div>\n\t\t<div class=\"elementor-element elementor-element-4fa9149 e-flex e-con-boxed e-con e-parent\" data-id=\"4fa9149\" data-element_type=\"container\" data-e-type=\"container\" data-settings=\"{&quot;background_background&quot;:&quot;classic&quot;}\">\n\t\t\t\t\t<div class=\"e-con-inner\">\n\t\t<div class=\"elementor-element elementor-element-7f676a8 e-con-full e-flex e-con e-child\" data-id=\"7f676a8\" data-element_type=\"container\" data-e-type=\"container\">\n\t\t<div class=\"elementor-element elementor-element-8dea070 e-con-full e-flex e-con e-child\" data-id=\"8dea070\" data-element_type=\"container\" data-e-type=\"container\">\n\t\t\t\t<div class=\"elementor-element elementor-element-e84a49c elementor-widget elementor-widget-image\" data-id=\"e84a49c\" data-element_type=\"widget\" data-e-type=\"widget\" data-widget_type=\"image.default\">\n\t\t\t\t<div class=\"elementor-widget-container\">\n\t\t\t\t\t\t\t\t\t\t\t\t\t\t\t<img fetchpriority=\"high\" decoding=\"async\" width=\"1441\" height=\"2560\" src=\"https:\/\/gaspruefung-vorpommern.de\/assets\/wp-content\/uploads\/2026\/04\/20230531_123903-scaled.jpg\" class=\"attachment-full size-full wp-image-6\" alt=\"\" srcset=\"https:\/\/gaspruefung-vorpommern.de\/assets\/wp-content\/uploads\/2026\/04\/20230531_123903-scaled.jpg 1441w, https:\/\/gaspruefung-vorpommern.de\/assets\/wp-content\/uploads\/2026\/04\/20230531_123903-169x300.jpg 169w, https:\/\/gaspruefung-vorpommern.de\/assets\/wp-content\/uploads\/2026\/04\/20230531_123903-576x1024.jpg 576w, https:\/\/gaspruefung-vorpommern.de\/assets\/wp-content\/uploads\/2026\/04\/20230531_123903-768x1365.jpg 768w, https:\/\/gaspruefung-vorpommern.de\/assets\/wp-content\/uploads\/2026\/04\/20230531_123903-864x1536.jpg 864w, https:\/\/gaspruefung-vorpommern.de\/assets\/wp-content\/uploads\/2026\/04\/20230531_123903-1153x2048.jpg 1153w\" sizes=\"(max-width: 1441px) 100vw, 1441px\" \/>\t\t\t\t\t\t\t\t\t\t\t\t\t\t\t<\/div>\n\t\t\t\t<\/div>\n\t\t\t\t<\/div>\n\t\t<div class=\"elementor-element elementor-element-b76b6ed e-con-full e-flex e-con e-child\" data-id=\"b76b6ed\" data-element_type=\"container\" data-e-type=\"container\">\n\t\t\t\t<div class=\"elementor-element elementor-element-8d721c3 elementor-widget elementor-widget-heading\" data-id=\"8d721c3\" data-element_type=\"widget\" data-e-type=\"widget\" data-widget_type=\"heading.default\">\n\t\t\t\t<div class=\"elementor-widget-container\">\n\t\t\t\t\t<h6 class=\"elementor-heading-title elementor-size-default\">Pr\u00fcfung und Anfahrt<\/h6>\t\t\t\t<\/div>\n\t\t\t\t<\/div>\n\t\t\t\t<div class=\"elementor-element elementor-element-7488097 elementor-widget elementor-widget-heading\" data-id=\"7488097\" data-element_type=\"widget\" data-e-type=\"widget\" data-widget_type=\"heading.default\">\n\t\t\t\t<div class=\"elementor-widget-container\">\n\t\t\t\t\t<h3 class=\"elementor-heading-title elementor-size-default\">Gaspr\u00fcfung nach G607<\/h3>\t\t\t\t<\/div>\n\t\t\t\t<\/div>\n\t\t\t\t<div class=\"elementor-element elementor-element-5561a26 elementor-widget elementor-widget-text-editor\" data-id=\"5561a26\" data-element_type=\"widget\" data-e-type=\"widget\" data-widget_type=\"text-editor.default\">\n\t\t\t\t<div class=\"elementor-widget-container\">\n\t\t\t\t\t\t\t\t\t<p>Pr\u00fcfung inkl. Plakette: 50,00 \u20ac<\/p>\t\t\t\t\t\t\t\t<\/div>\n\t\t\t\t<\/div>\n\t\t\t\t<div class=\"elementor-element elementor-element-b8da64c elementor-widget elementor-widget-text-editor\" data-id=\"b8da64c\" data-element_type=\"widget\" data-e-type=\"widget\" data-widget_type=\"text-editor.default\">\n\t\t\t\t<div class=\"elementor-widget-container\">\n\t\t\t\t\t\t\t\t\t<p>Folgebescheinigung im gelben Heft: 10,00 \u20ac<\/p>\n<p>Neudokumentation im gelben Heft: 15,00 \u20ac<\/p>\n<p>Nachpr\u00fcfung: 25,00 \u20ac + Anfahrt<\/p>\t\t\t\t\t\t\t\t<\/div>\n\t\t\t\t<\/div>\n\t\t\t\t<div class=\"elementor-element elementor-element-5de9e75 elementor-widget elementor-widget-text-editor\" data-id=\"5de9e75\" data-element_type=\"widget\" data-e-type=\"widget\" data-widget_type=\"text-editor.default\">\n\t\t\t\t<div class=\"elementor-widget-container\">\n\t\t\t\t\t\t\t\t\t<p>Funktionspr\u00fcfung mit meiner Gasflasche 10,00 \u20ac<\/p>\n<p>Kosten f\u00fcr den Austausch techn. Bauteile: auf Anfrage<\/p>\n<p>Angebotserstellung f\u00fcr Umbauten, Stundenlohnarbeiten, Kleinstreparatur<\/p>\n<p>auf Anfrage<\/p>\t\t\t\t\t\t\t\t<\/div>\n\t\t\t\t<\/div>\n\t\t\t\t<div class=\"elementor-element elementor-element-cdb75c4 elementor-widget elementor-widget-text-editor\" data-id=\"cdb75c4\" data-element_type=\"widget\" data-e-type=\"widget\" data-widget_type=\"text-editor.default\">\n\t\t\t\t<div class=\"elementor-widget-container\">\n\t\t\t\t\t\t\t\t\t<p><span style=\"font-style: inherit; font-weight: inherit;\">Anfahrtskosten: Einzelpr\u00fcfung 10,00 \u20ac auf R\u00fcgen<\/span><\/p>\n<p>Anfahrtskosten: Mehrfachpr\u00fcfung keine<\/p>\n<p>Anfahrtskosten: auf dem Festland, auf Anfrage<\/p>\t\t\t\t\t\t\t\t<\/div>\n\t\t\t\t<\/div>\n\t\t\t\t<\/div>\n\t\t\t\t<\/div>\n\t\t\t\t\t<\/div>\n\t\t\t\t<\/div>\n\t\t<div class=\"elementor-element elementor-element-fea1845 e-flex e-con-boxed e-con e-parent\" data-id=\"fea1845\" data-element_type=\"container\" data-e-type=\"container\" data-settings=\"{&quot;background_background&quot;:&quot;classic&quot;}\">\n\t\t\t\t\t<div class=\"e-con-inner\">\n\t\t<div class=\"elementor-element elementor-element-287cae9 e-con-full e-flex e-con e-child\" data-id=\"287cae9\" data-element_type=\"container\" data-e-type=\"container\">\n\t\t<div class=\"elementor-element elementor-element-f9717e5 e-con-full e-flex e-con e-child\" data-id=\"f9717e5\" data-element_type=\"container\" data-e-type=\"container\">\n\t\t\t\t<div class=\"elementor-element elementor-element-09d425b elementor-widget elementor-widget-image\" data-id=\"09d425b\" data-element_type=\"widget\" data-e-type=\"widget\" data-widget_type=\"image.default\">\n\t\t\t\t<div class=\"elementor-widget-container\">\n\t\t\t\t\t\t\t\t\t\t\t\t\t\t\t<img decoding=\"async\" width=\"1441\" height=\"2560\" src=\"https:\/\/gaspruefung-vorpommern.de\/assets\/wp-content\/uploads\/2026\/04\/03_1000058067-1-scaled.jpg\" class=\"attachment-full size-full wp-image-2672\" alt=\"\" srcset=\"https:\/\/gaspruefung-vorpommern.de\/assets\/wp-content\/uploads\/2026\/04\/03_1000058067-1-scaled.jpg 1441w, https:\/\/gaspruefung-vorpommern.de\/assets\/wp-content\/uploads\/2026\/04\/03_1000058067-1-169x300.jpg 169w, https:\/\/gaspruefung-vorpommern.de\/assets\/wp-content\/uploads\/2026\/04\/03_1000058067-1-576x1024.jpg 576w, https:\/\/gaspruefung-vorpommern.de\/assets\/wp-content\/uploads\/2026\/04\/03_1000058067-1-768x1365.jpg 768w, https:\/\/gaspruefung-vorpommern.de\/assets\/wp-content\/uploads\/2026\/04\/03_1000058067-1-864x1536.jpg 864w, https:\/\/gaspruefung-vorpommern.de\/assets\/wp-content\/uploads\/2026\/04\/03_1000058067-1-1153x2048.jpg 1153w\" sizes=\"(max-width: 1441px) 100vw, 1441px\" \/>\t\t\t\t\t\t\t\t\t\t\t\t\t\t\t<\/div>\n\t\t\t\t<\/div>\n\t\t\t\t<\/div>\n\t\t<div class=\"elementor-element elementor-element-a86baab e-con-full e-flex e-con e-child\" data-id=\"a86baab\" data-element_type=\"container\" data-e-type=\"container\">\n\t\t\t\t<div class=\"elementor-element elementor-element-8193b80 elementor-widget elementor-widget-heading\" data-id=\"8193b80\" data-element_type=\"widget\" data-e-type=\"widget\" data-widget_type=\"heading.default\">\n\t\t\t\t<div class=\"elementor-widget-container\">\n\t\t\t\t\t<h3 class=\"elementor-heading-title elementor-size-default\">Gaspr\u00fcfung nach G607<\/h3>\t\t\t\t<\/div>\n\t\t\t\t<\/div>\n\t\t\t\t<div class=\"elementor-element elementor-element-f69470b elementor-widget elementor-widget-text-editor\" data-id=\"f69470b\" data-element_type=\"widget\" data-e-type=\"widget\" data-widget_type=\"text-editor.default\">\n\t\t\t\t<div class=\"elementor-widget-container\">\n\t\t\t\t\t\t\t\t\t<p>Gaspr\u00fcfungen nach DIN EN 1949 DVGW G607 f\u00fcr Wohnwagen, Wohnmobilen und mobilen Wohnheimen.\u00a0<\/p>\t\t\t\t\t\t\t\t<\/div>\n\t\t\t\t<\/div>\n\t\t\t\t<div class=\"elementor-element elementor-element-e777b32 elementor-widget elementor-widget-text-editor\" data-id=\"e777b32\" data-element_type=\"widget\" data-e-type=\"widget\" data-widget_type=\"text-editor.default\">\n\t\t\t\t<div class=\"elementor-widget-container\">\n\t\t\t\t\t\t\t\t\t<p>Erstpr\u00fcfungen sowie Wiederholungspr\u00fcfungen sind verpflichtend und alle 2 Jahre zu aktualisieren und durch einen sachkundigen nach DVGW G 607 zu Pr\u00fcfen.<\/p>\t\t\t\t\t\t\t\t<\/div>\n\t\t\t\t<\/div>\n\t\t\t\t<div class=\"elementor-element elementor-element-277c6aa elementor-widget elementor-widget-text-editor\" data-id=\"277c6aa\" data-element_type=\"widget\" data-e-type=\"widget\" data-widget_type=\"text-editor.default\">\n\t\t\t\t<div class=\"elementor-widget-container\">\n\t\t\t\t\t\t\t\t\t<p>Mein Service gibt Ihnen das sichere Gef\u00fchl was Sie als Camper f\u00fcr einen sch\u00f6nen Urlaub ben\u00f6tigen.\u00a0\u00a0<\/p>\t\t\t\t\t\t\t\t<\/div>\n\t\t\t\t<\/div>\n\t\t\t\t<\/div>\n\t\t\t\t<\/div>\n\t\t\t\t\t<\/div>\n\t\t\t\t<\/div>\n\t\t<div class=\"elementor-element elementor-element-f38392b e-flex e-con-boxed e-con e-parent\" data-id=\"f38392b\" data-element_type=\"container\" data-e-type=\"container\" data-settings=\"{&quot;background_background&quot;:&quot;classic&quot;}\">\n\t\t\t\t\t<div class=\"e-con-inner\">\n\t\t<div class=\"elementor-element elementor-element-771577b e-con-full e-flex e-con e-child\" data-id=\"771577b\" data-element_type=\"container\" data-e-type=\"container\">\n\t\t<div class=\"elementor-element elementor-element-9533482 e-con-full e-flex e-con e-child\" data-id=\"9533482\" data-element_type=\"container\" data-e-type=\"container\">\n\t\t\t\t<div class=\"elementor-element elementor-element-8761e8c elementor-widget elementor-widget-image\" data-id=\"8761e8c\" data-element_type=\"widget\" data-e-type=\"widget\" data-widget_type=\"image.default\">\n\t\t\t\t<div class=\"elementor-widget-container\">\n\t\t\t\t\t\t\t\t\t\t\t\t\t\t\t<img decoding=\"async\" width=\"1920\" height=\"2560\" src=\"https:\/\/gaspruefung-vorpommern.de\/assets\/wp-content\/uploads\/2026\/04\/04_20230611_211044-scaled.jpg\" class=\"attachment-full size-full wp-image-4512\" alt=\"04 20230611 211044\" srcset=\"https:\/\/gaspruefung-vorpommern.de\/assets\/wp-content\/uploads\/2026\/04\/04_20230611_211044-scaled.jpg 1920w, https:\/\/gaspruefung-vorpommern.de\/assets\/wp-content\/uploads\/2026\/04\/04_20230611_211044-225x300.jpg 225w, https:\/\/gaspruefung-vorpommern.de\/assets\/wp-content\/uploads\/2026\/04\/04_20230611_211044-768x1024.jpg 768w, https:\/\/gaspruefung-vorpommern.de\/assets\/wp-content\/uploads\/2026\/04\/04_20230611_211044-1152x1536.jpg 1152w, https:\/\/gaspruefung-vorpommern.de\/assets\/wp-content\/uploads\/2026\/04\/04_20230611_211044-1536x2048.jpg 1536w\" sizes=\"(max-width: 1920px) 100vw, 1920px\" \/>\t\t\t\t\t\t\t\t\t\t\t\t\t\t\t<\/div>\n\t\t\t\t<\/div>\n\t\t\t\t<\/div>\n\t\t<div class=\"elementor-element elementor-element-cffba5b e-con-full e-flex e-con e-child\" data-id=\"cffba5b\" data-element_type=\"container\" data-e-type=\"container\">\n\t\t\t\t<div class=\"elementor-element elementor-element-62ae438 elementor-widget elementor-widget-heading\" data-id=\"62ae438\" data-element_type=\"widget\" data-e-type=\"widget\" data-widget_type=\"heading.default\">\n\t\t\t\t<div class=\"elementor-widget-container\">\n\t\t\t\t\t<h3 class=\"elementor-heading-title elementor-size-default\">F\u00fcr wen ist mein Service?<\/h3>\t\t\t\t<\/div>\n\t\t\t\t<\/div>\n\t\t\t\t<div class=\"elementor-element elementor-element-0500661 elementor-widget elementor-widget-text-editor\" data-id=\"0500661\" data-element_type=\"widget\" data-e-type=\"widget\" data-widget_type=\"text-editor.default\">\n\t\t\t\t<div class=\"elementor-widget-container\">\n\t\t\t\t\t\t\t\t\t<p>Dauercamper kennen das Problem. Der Wohnwagen ist aufgebockt fest verzurrt. Es besteht bez\u00fcglich der Gasanlage Unsicherheiten der Campingplatz Besitzer m\u00f6chte aus&nbsp; Sicherheitsgr\u00fcnden eine zuverl\u00e4ssige Gaspr\u00fcfung von jedem Camper als Nachweis.<\/p>\t\t\t\t\t\t\t\t<\/div>\n\t\t\t\t<\/div>\n\t\t\t\t<div class=\"elementor-element elementor-element-d330df6 elementor-widget elementor-widget-text-editor\" data-id=\"d330df6\" data-element_type=\"widget\" data-e-type=\"widget\" data-widget_type=\"text-editor.default\">\n\t\t\t\t<div class=\"elementor-widget-container\">\n\t\t\t\t\t\t\t\t\t<p>Besucher der Insel R\u00fcgen die ihrem stressigen Alltag entflohen sind und pl\u00f6tzlich mitbekommen das Sie keine aktuelle Gaspr\u00fcfung haben.<\/p>\t\t\t\t\t\t\t\t<\/div>\n\t\t\t\t<\/div>\n\t\t\t\t<div class=\"elementor-element elementor-element-8dbd82b elementor-widget elementor-widget-text-editor\" data-id=\"8dbd82b\" data-element_type=\"widget\" data-e-type=\"widget\" data-widget_type=\"text-editor.default\">\n\t\t\t\t<div class=\"elementor-widget-container\">\n\t\t\t\t\t\t\t\t\t<p>Der Campingplatz Betreiber besteht aus Sicherheitsgr\u00fcnden auf eine aktuelle Gaspr\u00fcfung.<\/p>\t\t\t\t\t\t\t\t<\/div>\n\t\t\t\t<\/div>\n\t\t\t\t<div class=\"elementor-element elementor-element-f49d130 elementor-widget elementor-widget-text-editor\" data-id=\"f49d130\" data-element_type=\"widget\" data-e-type=\"widget\" data-widget_type=\"text-editor.default\">\n\t\t\t\t<div class=\"elementor-widget-container\">\n\t\t\t\t\t\t\t\t\t<p>Ihr Campingfahrzeug steht im Winterquartier.<\/p>\n<p>\u00a0<\/p>\n<p>Durch eine aktuelle Gaspr\u00fcfung haben Sie einen hervorragenden Versicherungsschutz im Gefahrenfall.<\/p>\t\t\t\t\t\t\t\t<\/div>\n\t\t\t\t<\/div>\n\t\t\t\t<\/div>\n\t\t\t\t<\/div>\n\t\t\t\t\t<\/div>\n\t\t\t\t<\/div>\n\t\t\t\t<\/div>\n\t\t","protected":false},"excerpt":{"rendered":"<p>Kosten der Dienstleistung Pr\u00fcfung und Anfahrt Gaspr\u00fcfung nach G607 Pr\u00fcfung inkl. Plakette: 50,00 \u20ac Folgebescheinigung im gelben Heft: 10,00 \u20ac Neudokumentation im gelben Heft: 15,00 \u20ac Nachpr\u00fcfung: 25,00 \u20ac + Anfahrt Funktionspr\u00fcfung mit meiner Gasflasche 10,00 \u20ac Kosten f\u00fcr den Austausch techn. Bauteile: auf Anfrage Angebotserstellung f\u00fcr Umbauten, Stundenlohnarbeiten, Kleinstreparatur auf Anfrage Anfahrtskosten: Einzelpr\u00fcfung 10,00 [&hellip;]<\/p>\n","protected":false},"author":1,"featured_media":0,"parent":1317,"menu_order":1,"comment_status":"closed","ping_status":"closed","template":"","meta":{"site-sidebar-layout":"no-sidebar","site-content-layout":"page-builder","ast-site-content-layout":"full-width-container","site-content-style":"unboxed","site-sidebar-style":"unboxed","ast-global-header-display":"","ast-banner-title-visibility":"","ast-main-header-display":"","ast-hfb-above-header-display":"","ast-hfb-below-header-display":"","ast-hfb-mobile-header-display":"","site-post-title":"","ast-breadcrumbs-content":"","ast-featured-img":"disabled","footer-sml-layout":"","ast-disable-related-posts":"","theme-transparent-header-meta":"enabled","adv-header-id-meta":"","stick-header-meta":"","header-above-stick-meta":"","header-main-stick-meta":"","header-below-stick-meta":"","astra-migrate-meta-layouts":"set","ast-page-background-enabled":"default","ast-page-background-meta":{"desktop":{"background-color":"var(--ast-global-color-4)","background-image":"","background-repeat":"repeat","background-position":"center center","background-size":"auto","background-attachment":"scroll","background-type":"","background-media":"","overlay-type":"","overlay-color":"","overlay-opacity":"","overlay-gradient":""},"tablet":{"background-color":"","background-image":"","background-repeat":"repeat","background-position":"center center","background-size":"auto","background-attachment":"scroll","background-type":"","background-media":"","overlay-type":"","overlay-color":"","overlay-opacity":"","overlay-gradient":""},"mobile":{"background-color":"","background-image":"","background-repeat":"repeat","background-position":"center center","background-size":"auto","background-attachment":"scroll","background-type":"","background-media":"","overlay-type":"","overlay-color":"","overlay-opacity":"","overlay-gradient":""}},"ast-content-background-meta":{"desktop":{"background-color":"var(--ast-global-color-5)","background-image":"","background-repeat":"repeat","background-position":"center center","background-size":"auto","background-attachment":"scroll","background-type":"","background-media":"","overlay-type":"","overlay-color":"","overlay-opacity":"","overlay-gradient":""},"tablet":{"background-color":"var(--ast-global-color-5)","background-image":"","background-repeat":"repeat","background-position":"center center","background-size":"auto","background-attachment":"scroll","background-type":"","background-media":"","overlay-type":"","overlay-color":"","overlay-opacity":"","overlay-gradient":""},"mobile":{"background-color":"var(--ast-global-color-5)","background-image":"","background-repeat":"repeat","background-position":"center center","background-size":"auto","background-attachment":"scroll","background-type":"","background-media":"","overlay-type":"","overlay-color":"","overlay-opacity":"","overlay-gradient":""}},"footnotes":""},"class_list":["post-3605","page","type-page","status-publish","hentry"],"_links":{"self":[{"href":"https:\/\/gaspruefung-vorpommern.de\/assets\/wp-json\/wp\/v2\/pages\/3605","targetHints":{"allow":["GET"]}}],"collection":[{"href":"https:\/\/gaspruefung-vorpommern.de\/assets\/wp-json\/wp\/v2\/pages"}],"about":[{"href":"https:\/\/gaspruefung-vorpommern.de\/assets\/wp-json\/wp\/v2\/types\/page"}],"author":[{"embeddable":true,"href":"https:\/\/gaspruefung-vorpommern.de\/assets\/wp-json\/wp\/v2\/users\/1"}],"replies":[{"embeddable":true,"href":"https:\/\/gaspruefung-vorpommern.de\/assets\/wp-json\/wp\/v2\/comments?post=3605"}],"version-history":[{"count":16,"href":"https:\/\/gaspruefung-vorpommern.de\/assets\/wp-json\/wp\/v2\/pages\/3605\/revisions"}],"predecessor-version":[{"id":4663,"href":"https:\/\/gaspruefung-vorpommern.de\/assets\/wp-json\/wp\/v2\/pages\/3605\/revisions\/4663"}],"up":[{"embeddable":true,"href":"https:\/\/gaspruefung-vorpommern.de\/assets\/wp-json\/wp\/v2\/pages\/1317"}],"wp:attachment":[{"href":"https:\/\/gaspruefung-vorpommern.de\/assets\/wp-json\/wp\/v2\/media?parent=3605"}],"curies":[{"name":"wp","href":"https:\/\/api.w.org\/{rel}","templated":true}]}}